{"id":3124,"date":"2020-11-26T09:39:00","date_gmt":"2020-11-26T08:39:00","guid":{"rendered":"https:\/\/www.fco.de\/impressum\/"},"modified":"2021-07-06T09:03:53","modified_gmt":"2021-07-06T07:03:53","slug":"impressum","status":"publish","type":"page","link":"https:\/\/www.fco.de\/en\/impressum\/","title":{"rendered":"Impressum"},"content":{"rendered":"<p>[et_pb_section fb_built=&#8221;1&#8243; _builder_version=&#8221;4.4.4&#8243; background_color=&#8221;rgba(0,0,0,0)&#8221; background_image=&#8221;https:\/\/www.fco.de\/wp-content\/uploads\/2020\/09\/org_762f5628765bb7b1_1590508168000_bearb.jpg&#8221; height=&#8221;380px&#8221;][\/et_pb_section][et_pb_section fb_built=&#8221;1&#8243; _builder_version=&#8221;4.0.9&#8243;][et_pb_row _builder_version=&#8221;4.0.9&#8243;][et_pb_column type=&#8221;4_4&#8243; _builder_version=&#8221;4.0.9&#8243;][\/et_pb_column][\/et_pb_row][et_pb_row _builder_version=&#8221;4.0.9&#8243; module_alignment=&#8221;center&#8221;][et_pb_column type=&#8221;4_4&#8243; _builder_version=&#8221;4.0.9&#8243;][et_pb_text _builder_version=&#8221;4.0.9&#8243; custom_margin=&#8221;||16px|||&#8221;]<\/p>\n<h1 style=\"text-align: center;\">Impressum<\/h1>\n<p>[\/et_pb_text][et_pb_divider divider_position=&#8221;center&#8221; _builder_version=&#8221;4.0.9&#8243; module_alignment=&#8221;center&#8221;][\/et_pb_divider][et_pb_text _builder_version=&#8221;4.3.2&#8243; text_letter_spacing=&#8221;1px&#8221; text_line_height=&#8221;1.8em&#8221;]<\/p>\n<div class=\"Text_ohne_Box\">\n<p><span style=\"color: #000000;\">Freizeitcenter Oberrhein GmbH<\/span><br \/> <span style=\"color: #000000;\">Am Campingpark 1<\/span><br \/> <span style=\"color: #000000;\">D-77836 Rheinm\u00fcnster<\/span><\/p>\n<p><span style=\"color: #000000;\">Telephone: <span>+49 722 72500<\/span><\/span><br \/> <span style=\"color: #000000;\">Telefax: <span>+49 722 72400<\/span><\/span><\/p>\n<p><span style=\"color: #000000;\">E-Mail: info@fco.de<\/span><br \/> <span style=\"color: #000000;\">Internet: www.fco.de <\/span><\/p>\n<p><span style=\"color: #000000;\">Gesch\u00e4ftsf\u00fchrer: Andre Junkereit<\/span><br \/> <span style=\"color: #000000;\">Registergericht: Amtsgericht Mannheim<\/span><br \/> <span style=\"color: #000000;\">Register-Nr.: HRB 210106<\/span><br \/> <span style=\"color: #000000;\">Umsatzsteuer-ID: DE269865290<\/span><\/p>\n<p><span style=\"color: #000000;\"><\/span><\/p>\n<p><strong>Streitschlichtung<\/strong><br \/>Wir sind nicht bereit oder verpflichtet, an Streitbeilegungsverfahren vor einer Verbraucherschlichtungsstelle teilzunehmen.<\/p>\n<p><strong>Haftung f\u00fcr Inhalte<\/strong><br \/>Als Diensteanbieter sind wir gem\u00e4\u00df \u00a7 7 Abs.1 TMG f\u00fcr eigene Inhalte auf diesen Seiten nach den allgemeinen Gesetzen verantwortlich. Nach \u00a7\u00a7 8 bis 10 TMG sind wir als Diensteanbieter jedoch nicht verpflichtet, \u00fcbermittelte oder gespeicherte fremde Informationen zu \u00fcberwachen oder nach Umst\u00e4nden zu forschen, die auf eine rechtswidrige T\u00e4tigkeit hinweisen.<\/p>\n<p>Verpflichtungen zur Entfernung oder Sperrung der Nutzung von Informationen nach den allgemeinen Gesetzen bleiben hiervon unber\u00fchrt. Eine diesbez\u00fcgliche Haftung ist jedoch erst ab dem Zeitpunkt der Kenntnis einer konkreten Rechtsverletzung m\u00f6glich. Bei Bekanntwerden von entsprechenden Rechtsverletzungen werden wir diese Inhalte umgehend entfernen.<\/p>\n<p><strong>Haftung f\u00fcr Links<\/strong><br \/>Unser Angebot enth\u00e4lt Links zu externen Websites Dritter, auf deren Inhalte wir keinen Einfluss haben. Deshalb k\u00f6nnen wir f\u00fcr diese fremden Inhalte auch keine Gew\u00e4hr \u00fcbernehmen. F\u00fcr die Inhalte der verlinkten Seiten ist stets der jeweilige Anbieter oder Betreiber der Seiten verantwortlich. Die verlinkten Seiten wurden zum Zeitpunkt der Verlinkung auf m\u00f6gliche Rechtsverst\u00f6\u00dfe \u00fcberpr\u00fcft. Rechtswidrige Inhalte waren zum Zeitpunkt der Verlinkung nicht erkennbar.<\/p>\n<p>Eine permanente inhaltliche Kontrolle der verlinkten Seiten ist jedoch ohne konkrete Anhaltspunkte einer Rechtsverletzung nicht zumutbar. Bei Bekanntwerden von Rechtsverletzungen werden wir derartige Links umgehend entfernen.<\/p>\n<p><strong>Urheberrecht<\/strong><br \/>Die durch die Seitenbetreiber erstellten Inhalte und Werke auf diesen Seiten unterliegen dem deutschen Urheberrecht. Die Vervielf\u00e4ltigung, Bearbeitung, Verbreitung und jede Art der Verwertung au\u00dferhalb der Grenzen des Urheberrechtes bed\u00fcrfen der schriftlichen Zustimmung des jeweiligen Autors bzw. Erstellers. Downloads und Kopien dieser Seite sind nur f\u00fcr den privaten, nicht kommerziellen Gebrauch gestattet.<\/p>\n<p>Soweit die Inhalte auf dieser Seite nicht vom Betreiber erstellt wurden, werden die Urheberrechte Dritter beachtet. Insbesondere werden Inhalte Dritter als solche gekennzeichnet. Sollten Sie trotzdem auf eine Urheberrechtsverletzung aufmerksam werden, bitten wir um einen entsprechenden Hinweis. Bei Bekanntwerden von Rechtsverletzungen werden wir derartige Inhalte umgehend entfernen.<\/p>\n<p>Alle Rechte vorbehalten. Abdruck und Zweitverwertung (auch auszugsweise) nur nach vorheriger Zustimmung des Herausgebers <span>Freizeitcenter Oberrhein GmbH<\/span>. \u00c4nderungen vorbehalten. <\/p>\n<\/div>\n<div class=\"Text_ohne_Box\"><\/div>\n<p>[\/et_pb_text][\/et_pb_column][\/et_pb_row][et_pb_row column_structure=&#8221;2_5,3_5&#8243; _builder_version=&#8221;4.3.2&#8243;][et_pb_column type=&#8221;2_5&#8243; _builder_version=&#8221;4.3.2&#8243;][et_pb_image src=&#8221;https:\/\/www.fco.de\/wp-content\/uploads\/2020\/03\/TH_Logo_4c__RZ.png&#8221; url=&#8221;http:\/\/www.teamhaus.de&#8221; _builder_version=&#8221;4.3.2&#8243;][\/et_pb_image][\/et_pb_column][et_pb_column type=&#8221;3_5&#8243; _builder_version=&#8221;4.3.2&#8243;][et_pb_text _builder_version=&#8221;4.3.2&#8243; text_letter_spacing=&#8221;1px&#8221; text_line_height=&#8221;1.8em&#8221; header_4_font=&#8221;Open Sans|600|||||||&#8221; header_4_text_color=&#8221;#000000&#8243;]<\/p>\n<div class=\"Text_ohne_Box\"><\/div>\n<h4 class=\"Text_ohne_Box\"><strong>Design and conception<\/strong><\/h4>\n<div class=\"Text_ohne_Box\"><span>TeamHaus Marketing Service GmbH<\/span><\/div>\n<div class=\"Text_ohne_Box\"><a href=\"https:\/\/www.teamhaus.de\/\"><span>www.teamhaus.de<\/span><\/a><\/div>\n<p>[\/et_pb_text][\/et_pb_column][\/et_pb_row][et_pb_row _builder_version=&#8221;4.0.9&#8243;][et_pb_column type=&#8221;4_4&#8243; _builder_version=&#8221;4.0.9&#8243;][\/et_pb_column][\/et_pb_row][\/et_pb_section][et_pb_section fb_built=&#8221;1&#8243; _builder_version=&#8221;4.0.9&#8243; background_color=&#8221;#bc151c&#8221; custom_padding=&#8221;45px||45px||true|false&#8221; saved_tabs=&#8221;all&#8221; global_module=&#8221;3719&#8243;][et_pb_row column_structure=&#8221;1_4,1_4,1_4,1_4&#8243; custom_padding_last_edited=&#8221;on|desktop&#8221; _builder_version=&#8221;4.4.4&#8243; width=&#8221;100%&#8221; custom_margin=&#8221;||||true|true&#8221; custom_padding=&#8221;||||false|true&#8221; custom_padding_tablet=&#8221;|50px||50px|false|true&#8221; custom_padding_phone=&#8221;|50px||50px|false|true&#8221;][et_pb_column type=&#8221;1_4&#8243; _builder_version=&#8221;4.4.4&#8243;][et_pb_image src=&#8221;https:\/\/www.fco.de\/wp-content\/uploads\/2020\/01\/FCO_LOGO_weiss_LINES_RZ.png&#8221; align=&#8221;center&#8221; align_tablet=&#8221;left&#8221; align_phone=&#8221;&#8221; align_last_edited=&#8221;on|phone&#8221; _builder_version=&#8221;4.4.4&#8243; min_height=&#8221;0px&#8221; height=&#8221;100px&#8221;][\/et_pb_image][et_pb_social_media_follow icon_color=&#8221;#bc151c&#8221; _builder_version=&#8221;4.4.4&#8243; background_color=&#8221;rgba(0,0,0,0)&#8221; text_orientation=&#8221;center&#8221; text_orientation_tablet=&#8221;left&#8221; text_orientation_phone=&#8221;left&#8221; text_orientation_last_edited=&#8221;on|phone&#8221; border_color_all=&#8221;rgba(0,0,0,0)&#8221;][et_pb_social_media_follow_network social_network=&#8221;facebook&#8221; url=&#8221;https:\/\/www.facebook.com\/FreizeitcenterOberrhein\/&#8221; icon_color=&#8221;#ffffff&#8221; _builder_version=&#8221;4.4.4&#8243; background_color=&#8221;rgba(0,0,0,0)&#8221; background_enable_color=&#8221;on&#8221; border_radii=&#8221;on|8px|8px|8px|8px&#8221; border_width_all=&#8221;2px&#8221; border_color_all=&#8221;#ffffff&#8221; follow_button=&#8221;off&#8221; url_new_window=&#8221;on&#8221;]facebook[\/et_pb_social_media_follow_network][et_pb_social_media_follow_network social_network=&#8221;instagram&#8221; url=&#8221;https:\/\/www.instagram.com\/freizeitcenteroberrhein\/&#8221; icon_color=&#8221;#ffffff&#8221; _builder_version=&#8221;4.4.4&#8243; background_color=&#8221;rgba(0,0,0,0)&#8221; background_enable_color=&#8221;on&#8221; border_radii=&#8221;on|8px|8px|8px|8px&#8221; border_width_all=&#8221;2px&#8221; border_color_all=&#8221;#ffffff&#8221; follow_button=&#8221;off&#8221; url_new_window=&#8221;on&#8221;]instagram[\/et_pb_social_media_follow_network][et_pb_social_media_follow_network social_network=&#8221;youtube&#8221; url=&#8221;https:\/\/www.youtube.com\/channel\/UCJk0NKXWAgXJ5j4O9_cBhnA&#8221; icon_color=&#8221;#ffffff&#8221; _builder_version=&#8221;4.4.4&#8243; background_color=&#8221;rgba(0,0,0,0)&#8221; background_enable_color=&#8221;on&#8221; border_radii=&#8221;on|8px|8px|8px|8px&#8221; border_width_all=&#8221;2px&#8221; border_color_all=&#8221;#ffffff&#8221; follow_button=&#8221;off&#8221; url_new_window=&#8221;on&#8221;]youtube[\/et_pb_social_media_follow_network][et_pb_social_media_follow_network social_network=&#8221;google-plus&#8221; url=&#8221;https:\/\/goo.gl\/maps\/VvGVT6fBYbDVciH66&#8243; icon_color=&#8221;#ffffff&#8221; _builder_version=&#8221;4.4.4&#8243; background_color=&#8221;rgba(0,0,0,0)&#8221; background_enable_color=&#8221;on&#8221; border_radii=&#8221;on|8px|8px|8px|8px&#8221; border_width_all=&#8221;2px&#8221; border_color_all=&#8221;#ffffff&#8221; follow_button=&#8221;off&#8221; url_new_window=&#8221;on&#8221;]google-plus[\/et_pb_social_media_follow_network][\/et_pb_social_media_follow][\/et_pb_column][et_pb_column type=&#8221;1_4&#8243; _builder_version=&#8221;4.4.4&#8243;][et_pb_text _builder_version=&#8221;4.4.4&#8243; text_text_color=&#8221;#ffffff&#8221; link_text_color=&#8221;#ffffff&#8221; header_3_font=&#8221;Open Sans|800|||||||&#8221; header_3_text_color=&#8221;#ffffff&#8221; header_3_line_height=&#8221;2em&#8221; custom_margin=&#8221;||||false|false&#8221;]<\/p>\n<h3>FCO<\/h3>\n<p><span style=\"color: #ffffff;\"><a href=\"https:\/\/www.fco.de\/impressionen\/\" style=\"color: #ffffff;\">Impressions<\/a><\/span><\/p>\n<p><span style=\"color: #ffffff;\"><a href=\"https:\/\/www.fco.de\/gastro-und-shops\/\" style=\"color: #ffffff;\">Restaurants &amp; shops<\/a><\/span><\/p>\n<p><a href=\"https:\/\/www.fco.de\/sport-und-spiel\/\"><span style=\"color: #ffffff;\">Sport &amp; games<\/span><\/a><\/p>\n<p><span style=\"color: #ffffff;\"><a href=\"https:\/\/www.fco.de\/paradies-fuer-kinder\/\" style=\"color: #ffffff;\">A paradise for children<\/a><\/span><\/p>\n<p><a href=\"https:\/\/www.fco.de\/qualitaetsbeweis\/\">Certified quality<\/a><\/p>\n<p>[\/et_pb_text][et_pb_text _builder_version=&#8221;4.4.4&#8243; text_text_color=&#8221;#ffffff&#8221; link_text_color=&#8221;#ffffff&#8221; header_3_font=&#8221;Open Sans|800||on|||||&#8221; header_3_text_color=&#8221;#ffffff&#8221; header_3_line_height=&#8221;2em&#8221;]<\/p>\n<h3>Rental<\/h3>\n<p><a href=\"https:\/\/www.fco.de\/mietobjekte\/\">Rental accommodation<\/a><\/p>\n<p>[\/et_pb_text][\/et_pb_column][et_pb_column type=&#8221;1_4&#8243; _builder_version=&#8221;4.0.9&#8243;][et_pb_text _builder_version=&#8221;4.4.4&#8243; text_text_color=&#8221;#ffffff&#8221; link_text_color=&#8221;#ffffff&#8221; header_3_font=&#8221;Open Sans|800||on|||||&#8221; header_3_text_color=&#8221;#ffffff&#8221; header_3_line_height=&#8221;2em&#8221;]<\/p>\n<h3>Camping<\/h3>\n<p><a href=\"https:\/\/www.fco.de\/en\/camping\/\">Camping<\/a><\/p>\n<p><a href=\"https:\/\/www.fco.de\/reisemobilstellplatz\/\">Motorhome pitches<\/a><\/p>\n<p><span style=\"color: #ffffff;\"><\/span><a href=\"https:\/\/www.fco.de\/sanitaergebaeude\/\">Toilets &amp; showers<\/a><\/p>\n<p>[\/et_pb_text][et_pb_text _builder_version=&#8221;4.4.4&#8243; text_text_color=&#8221;#ffffff&#8221; link_text_color=&#8221;#ffffff&#8221; header_3_font=&#8221;Open Sans|800||on|||||&#8221; header_3_text_color=&#8221;#ffffff&#8221; header_3_line_height=&#8221;2em&#8221;]<\/p>\n<h3>News<\/h3>\n<p><a href=\"https:\/\/www.fco.de\/angebote\/\">Special offers<\/a><\/p>\n<p><span style=\"color: #ffffff;\"><a href=\"https:\/\/www.fco.de\/veranstaltungen\/\" style=\"color: #ffffff;\">Events<\/a><\/span><\/p>\n<p><a href=\"https:\/\/www.fco.de\/en\/jobs\/\">Jobs<\/a><\/p>\n<p>[\/et_pb_text][\/et_pb_column][et_pb_column type=&#8221;1_4&#8243; _builder_version=&#8221;4.0.9&#8243;][et_pb_text _builder_version=&#8221;4.4.4&#8243; text_text_color=&#8221;#ffffff&#8221; header_3_font=&#8221;Open Sans|800||on|||||&#8221; header_3_text_color=&#8221;#ffffff&#8221; header_3_line_height=&#8221;2em&#8221;]<\/p>\n<h3>Location<\/h3>\n<p><a href=\"https:\/\/www.fco.de\/en\/region\/\"><span style=\"color: #ffffff;\">Region<\/span><\/a><\/p>\n<p><span style=\"color: #ffffff;\"><a href=\"https:\/\/www.fco.de\/lageplan\/\" style=\"color: #ffffff;\">Map of the area<\/a><\/span><\/p>\n<p>[\/et_pb_text][et_pb_text _builder_version=&#8221;4.4.4&#8243; text_text_color=&#8221;#ffffff&#8221; link_text_color=&#8221;#ffffff&#8221; header_3_font=&#8221;Open Sans|800||on|||||&#8221; header_3_text_color=&#8221;#ffffff&#8221; header_3_line_height=&#8221;2em&#8221;]<\/p>\n<h3 id=\"h3skac72r3zlfgjrfk26ro011pbwle\">Reservations<\/h3>\n<p><a href=\"https:\/\/www.fco.de\/buchung\/\">Online reservations<\/a><\/p>\n<p><a href=\"https:\/\/www.fco.de\/gutschein-kaufen\/\">Buy a coupon<\/a><\/p>\n<p><a href=\"https:\/\/www.fco.de\/preislisten\/\">Price lists<\/a><\/p>\n<p><a href=\"https:\/\/www.fco.de\/broschueren\/\">Brochure<\/a><\/p>\n<p>[\/et_pb_text][\/et_pb_column][\/et_pb_row][et_pb_row _builder_version=&#8221;4.0.9&#8243; custom_margin=&#8221;16px||16px||true|false&#8221;][et_pb_column type=&#8221;4_4&#8243; _builder_version=&#8221;4.0.9&#8243;][et_pb_divider color=&#8221;#ffffff&#8221; divider_weight=&#8221;2px&#8221; _builder_version=&#8221;4.0.9&#8243; width=&#8221;100%&#8221;][\/et_pb_divider][\/et_pb_column][\/et_pb_row][et_pb_row column_structure=&#8221;1_3,2_3&#8243; _builder_version=&#8221;4.0.9&#8243;][et_pb_column type=&#8221;1_3&#8243; _builder_version=&#8221;4.0.9&#8243;][et_pb_text _builder_version=&#8221;4.4.4&#8243; text_text_color=&#8221;#ffffff&#8221; header_3_text_color=&#8221;#ffffff&#8221;]<\/p>\n<h3>Freizeitcenter Oberrhein<\/h3>\n<p>Am Campingpark 1<br \/> D-77836 Rheinm\u00fcnster<\/p>\n<p>Telephone: +49 722 72500<br \/> Telefax: +49 722 72400<\/p>\n<p>info@fco.de<br \/> www.fco.de<\/p>\n<p>[\/et_pb_text][\/et_pb_column][et_pb_column type=&#8221;2_3&#8243; _builder_version=&#8221;4.0.9&#8243;][et_pb_contact_form use_spam_service=&#8221;on&#8221; recaptcha_list=&#8221;FCO-0&#8243; recaptcha_min_score=&#8221;0.8&#8243; email=&#8221;info@fco.de&#8221; custom_message=&#8221;E-Mail-Address: ||et_pb_line_break_holder||%%Email%%||et_pb_line_break_holder||||et_pb_line_break_holder||Name: ||et_pb_line_break_holder||%%Name%%||et_pb_line_break_holder||||et_pb_line_break_holder||Message:||et_pb_line_break_holder||%%Message%%&#8221; success_message=&#8221;Thank you for your message!&#8221; submit_button_text=&#8221;SEND&#8221; _builder_version=&#8221;4.4.4&#8243; form_field_focus_text_color=&#8221;#000000&#8243; title_level=&#8221;h3&#8243; title_text_align=&#8221;center&#8221; title_text_color=&#8221;#ffffff&#8221; captcha_text_color=&#8221;#ffffff&#8221; form_field_font=&#8221;Open Sans||||||||&#8221; form_field_font_size=&#8221;16px&#8221; custom_button=&#8221;on&#8221; button_text_color=&#8221;#ffffff&#8221; button_bg_color=&#8221;rgba(0,0,0,0)&#8221; button_border_color=&#8221;#ffffff&#8221; button_letter_spacing=&#8221;4px&#8221; button_font=&#8221;Open Sans Condensed|700||on|||||&#8221; button_icon=&#8221;%%24%%&#8221; text_orientation=&#8221;left&#8221;][et_pb_contact_field field_id=&#8221;Name&#8221; field_title=&#8221;Name&#8221; _builder_version=&#8221;4.4.4&#8243; button_text_size__hover_enabled=&#8221;off&#8221; button_one_text_size__hover_enabled=&#8221;off&#8221; button_two_text_size__hover_enabled=&#8221;off&#8221; button_text_color__hover_enabled=&#8221;off&#8221; button_one_text_color__hover_enabled=&#8221;off&#8221; button_two_text_color__hover_enabled=&#8221;off&#8221; button_border_width__hover_enabled=&#8221;off&#8221; button_one_border_width__hover_enabled=&#8221;off&#8221; button_two_border_width__hover_enabled=&#8221;off&#8221; button_border_color__hover_enabled=&#8221;off&#8221; button_one_border_color__hover_enabled=&#8221;off&#8221; button_two_border_color__hover_enabled=&#8221;off&#8221; button_border_radius__hover_enabled=&#8221;off&#8221; button_one_border_radius__hover_enabled=&#8221;off&#8221; button_two_border_radius__hover_enabled=&#8221;off&#8221; button_letter_spacing__hover_enabled=&#8221;off&#8221; button_one_letter_spacing__hover_enabled=&#8221;off&#8221; button_two_letter_spacing__hover_enabled=&#8221;off&#8221; button_bg_color__hover_enabled=&#8221;off&#8221; button_one_bg_color__hover_enabled=&#8221;off&#8221; button_two_bg_color__hover_enabled=&#8221;off&#8221;][\/et_pb_contact_field][et_pb_contact_field field_id=&#8221;Email&#8221; field_title=&#8221;E-Mail-Address&#8221; field_type=&#8221;email&#8221; _builder_version=&#8221;4.4.4&#8243; button_text_size__hover_enabled=&#8221;off&#8221; button_one_text_size__hover_enabled=&#8221;off&#8221; button_two_text_size__hover_enabled=&#8221;off&#8221; button_text_color__hover_enabled=&#8221;off&#8221; button_one_text_color__hover_enabled=&#8221;off&#8221; button_two_text_color__hover_enabled=&#8221;off&#8221; button_border_width__hover_enabled=&#8221;off&#8221; button_one_border_width__hover_enabled=&#8221;off&#8221; button_two_border_width__hover_enabled=&#8221;off&#8221; button_border_color__hover_enabled=&#8221;off&#8221; button_one_border_color__hover_enabled=&#8221;off&#8221; button_two_border_color__hover_enabled=&#8221;off&#8221; button_border_radius__hover_enabled=&#8221;off&#8221; button_one_border_radius__hover_enabled=&#8221;off&#8221; button_two_border_radius__hover_enabled=&#8221;off&#8221; button_letter_spacing__hover_enabled=&#8221;off&#8221; button_one_letter_spacing__hover_enabled=&#8221;off&#8221; button_two_letter_spacing__hover_enabled=&#8221;off&#8221; button_bg_color__hover_enabled=&#8221;off&#8221; button_one_bg_color__hover_enabled=&#8221;off&#8221; button_two_bg_color__hover_enabled=&#8221;off&#8221;][\/et_pb_contact_field][et_pb_contact_field field_id=&#8221;Message&#8221; field_title=&#8221;Message&#8221; field_type=&#8221;text&#8221; fullwidth_field=&#8221;on&#8221; _builder_version=&#8221;4.4.4&#8243; button_text_size__hover_enabled=&#8221;off&#8221; button_one_text_size__hover_enabled=&#8221;off&#8221; button_two_text_size__hover_enabled=&#8221;off&#8221; button_text_color__hover_enabled=&#8221;off&#8221; button_one_text_color__hover_enabled=&#8221;off&#8221; button_two_text_color__hover_enabled=&#8221;off&#8221; button_border_width__hover_enabled=&#8221;off&#8221; button_one_border_width__hover_enabled=&#8221;off&#8221; button_two_border_width__hover_enabled=&#8221;off&#8221; button_border_color__hover_enabled=&#8221;off&#8221; button_one_border_color__hover_enabled=&#8221;off&#8221; button_two_border_color__hover_enabled=&#8221;off&#8221; button_border_radius__hover_enabled=&#8221;off&#8221; button_one_border_radius__hover_enabled=&#8221;off&#8221; button_two_border_radius__hover_enabled=&#8221;off&#8221; button_letter_spacing__hover_enabled=&#8221;off&#8221; button_one_letter_spacing__hover_enabled=&#8221;off&#8221; button_two_letter_spacing__hover_enabled=&#8221;off&#8221; button_bg_color__hover_enabled=&#8221;off&#8221; button_one_bg_color__hover_enabled=&#8221;off&#8221; button_two_bg_color__hover_enabled=&#8221;off&#8221;][\/et_pb_contact_field][\/et_pb_contact_form][\/et_pb_column][\/et_pb_row][\/et_pb_section]<\/p>\n","protected":false},"excerpt":{"rendered":"<p>Impressum Freizeitcenter Oberrhein GmbH Am Campingpark 1 D-77836 Rheinm\u00fcnster Telephone: +49 722 72500 Telefax: +49 722 72400 E-Mail: info@fco.de Internet: www.fco.de Gesch\u00e4ftsf\u00fchrer: Andre Junkereit Registergericht: Amtsgericht Mannheim Register-Nr.: HRB 210106 Umsatzsteuer-ID: DE269865290 StreitschlichtungWir sind nicht bereit oder verpflichtet, an Streitbeilegungsverfahren vor einer Verbraucherschlichtungsstelle teilzunehmen. Haftung f\u00fcr InhalteAls Diensteanbieter sind wir gem\u00e4\u00df \u00a7 7 Abs.1 TMG [&hellip;]<\/p>\n","protected":false},"author":1,"featured_media":0,"parent":0,"menu_order":0,"comment_status":"closed","ping_status":"closed","template":"","meta":{"_et_pb_use_builder":"on","_et_pb_old_content":"","_et_gb_content_width":"","footnotes":""},"folder":[],"yoast_head":"<!-- This site is optimized with the Yoast SEO plugin v24.3 - https:\/\/yoast.com\/wordpress\/plugins\/seo\/ -->\n<title>Impressum - FCO<\/title>\n<meta name=\"robots\" content=\"index, follow, max-snippet:-1, max-image-preview:large, max-video-preview:-1\" \/>\n<link rel=\"canonical\" href=\"https:\/\/www.fco.de\/en\/impressum\/\" \/>\n<meta property=\"og:locale\" content=\"en_US\" \/>\n<meta property=\"og:type\" content=\"article\" \/>\n<meta property=\"og:title\" content=\"Impressum - FCO\" \/>\n<meta property=\"og:description\" content=\"Impressum Freizeitcenter Oberrhein GmbH Am Campingpark 1 D-77836 Rheinm\u00fcnster Telephone: +49 722 72500 Telefax: +49 722 72400 E-Mail: info@fco.de Internet: www.fco.de Gesch\u00e4ftsf\u00fchrer: Andre Junkereit Registergericht: Amtsgericht Mannheim Register-Nr.: HRB 210106 Umsatzsteuer-ID: DE269865290 StreitschlichtungWir sind nicht bereit oder verpflichtet, an Streitbeilegungsverfahren vor einer Verbraucherschlichtungsstelle teilzunehmen. Haftung f\u00fcr InhalteAls Diensteanbieter sind wir gem\u00e4\u00df \u00a7 7 Abs.1 TMG [&hellip;]\" \/>\n<meta property=\"og:url\" content=\"https:\/\/www.fco.de\/en\/impressum\/\" \/>\n<meta property=\"og:site_name\" content=\"FCO\" \/>\n<meta property=\"article:modified_time\" content=\"2021-07-06T07:03:53+00:00\" \/>\n<meta name=\"twitter:card\" content=\"summary_large_image\" \/>\n<meta name=\"twitter:label1\" content=\"Est. reading time\" \/>\n\t<meta name=\"twitter:data1\" content=\"10 minutes\" \/>\n<script type=\"application\/ld+json\" class=\"yoast-schema-graph\">{\"@context\":\"https:\/\/schema.org\",\"@graph\":[{\"@type\":\"WebPage\",\"@id\":\"https:\/\/www.fco.de\/en\/impressum\/\",\"url\":\"https:\/\/www.fco.de\/en\/impressum\/\",\"name\":\"Impressum - FCO\",\"isPartOf\":{\"@id\":\"https:\/\/www.fco.de\/#website\"},\"datePublished\":\"2020-11-26T08:39:00+00:00\",\"dateModified\":\"2021-07-06T07:03:53+00:00\",\"breadcrumb\":{\"@id\":\"https:\/\/www.fco.de\/en\/impressum\/#breadcrumb\"},\"inLanguage\":\"en-US\",\"potentialAction\":[{\"@type\":\"ReadAction\",\"target\":[\"https:\/\/www.fco.de\/en\/impressum\/\"]}]},{\"@type\":\"BreadcrumbList\",\"@id\":\"https:\/\/www.fco.de\/en\/impressum\/#breadcrumb\",\"itemListElement\":[{\"@type\":\"ListItem\",\"position\":1,\"name\":\"Startseite\",\"item\":\"https:\/\/www.fco.de\/en\/\"},{\"@type\":\"ListItem\",\"position\":2,\"name\":\"Impressum\"}]},{\"@type\":\"WebSite\",\"@id\":\"https:\/\/www.fco.de\/#website\",\"url\":\"https:\/\/www.fco.de\/\",\"name\":\"FCO\",\"description\":\"Freizeitcenter\",\"potentialAction\":[{\"@type\":\"SearchAction\",\"target\":{\"@type\":\"EntryPoint\",\"urlTemplate\":\"https:\/\/www.fco.de\/?s={search_term_string}\"},\"query-input\":{\"@type\":\"PropertyValueSpecification\",\"valueRequired\":true,\"valueName\":\"search_term_string\"}}],\"inLanguage\":\"en-US\"}]}<\/script>\n<!-- \/ Yoast SEO plugin. -->","yoast_head_json":{"title":"Impressum - FCO","robots":{"index":"index","follow":"follow","max-snippet":"max-snippet:-1","max-image-preview":"max-image-preview:large","max-video-preview":"max-video-preview:-1"},"canonical":"https:\/\/www.fco.de\/en\/impressum\/","og_locale":"en_US","og_type":"article","og_title":"Impressum - FCO","og_description":"Impressum Freizeitcenter Oberrhein GmbH Am Campingpark 1 D-77836 Rheinm\u00fcnster Telephone: +49 722 72500 Telefax: +49 722 72400 E-Mail: info@fco.de Internet: www.fco.de Gesch\u00e4ftsf\u00fchrer: Andre Junkereit Registergericht: Amtsgericht Mannheim Register-Nr.: HRB 210106 Umsatzsteuer-ID: DE269865290 StreitschlichtungWir sind nicht bereit oder verpflichtet, an Streitbeilegungsverfahren vor einer Verbraucherschlichtungsstelle teilzunehmen. Haftung f\u00fcr InhalteAls Diensteanbieter sind wir gem\u00e4\u00df \u00a7 7 Abs.1 TMG [&hellip;]","og_url":"https:\/\/www.fco.de\/en\/impressum\/","og_site_name":"FCO","article_modified_time":"2021-07-06T07:03:53+00:00","twitter_card":"summary_large_image","twitter_misc":{"Est. reading time":"10 minutes"},"schema":{"@context":"https:\/\/schema.org","@graph":[{"@type":"WebPage","@id":"https:\/\/www.fco.de\/en\/impressum\/","url":"https:\/\/www.fco.de\/en\/impressum\/","name":"Impressum - FCO","isPartOf":{"@id":"https:\/\/www.fco.de\/#website"},"datePublished":"2020-11-26T08:39:00+00:00","dateModified":"2021-07-06T07:03:53+00:00","breadcrumb":{"@id":"https:\/\/www.fco.de\/en\/impressum\/#breadcrumb"},"inLanguage":"en-US","potentialAction":[{"@type":"ReadAction","target":["https:\/\/www.fco.de\/en\/impressum\/"]}]},{"@type":"BreadcrumbList","@id":"https:\/\/www.fco.de\/en\/impressum\/#breadcrumb","itemListElement":[{"@type":"ListItem","position":1,"name":"Startseite","item":"https:\/\/www.fco.de\/en\/"},{"@type":"ListItem","position":2,"name":"Impressum"}]},{"@type":"WebSite","@id":"https:\/\/www.fco.de\/#website","url":"https:\/\/www.fco.de\/","name":"FCO","description":"Freizeitcenter","potentialAction":[{"@type":"SearchAction","target":{"@type":"EntryPoint","urlTemplate":"https:\/\/www.fco.de\/?s={search_term_string}"},"query-input":{"@type":"PropertyValueSpecification","valueRequired":true,"valueName":"search_term_string"}}],"inLanguage":"en-US"}]}},"_links":{"self":[{"href":"https:\/\/www.fco.de\/en\/wp-json\/wp\/v2\/pages\/3124"}],"collection":[{"href":"https:\/\/www.fco.de\/en\/wp-json\/wp\/v2\/pages"}],"about":[{"href":"https:\/\/www.fco.de\/en\/wp-json\/wp\/v2\/types\/page"}],"author":[{"embeddable":true,"href":"https:\/\/www.fco.de\/en\/wp-json\/wp\/v2\/users\/1"}],"replies":[{"embeddable":true,"href":"https:\/\/www.fco.de\/en\/wp-json\/wp\/v2\/comments?post=3124"}],"version-history":[{"count":20,"href":"https:\/\/www.fco.de\/en\/wp-json\/wp\/v2\/pages\/3124\/revisions"}],"predecessor-version":[{"id":3736,"href":"https:\/\/www.fco.de\/en\/wp-json\/wp\/v2\/pages\/3124\/revisions\/3736"}],"wp:attachment":[{"href":"https:\/\/www.fco.de\/en\/wp-json\/wp\/v2\/media?parent=3124"}],"wp:term":[{"taxonomy":"folder","embeddable":true,"href":"https:\/\/www.fco.de\/en\/wp-json\/wp\/v2\/folder?post=3124"}],"curies":[{"name":"wp","href":"https:\/\/api.w.org\/{rel}","templated":true}]}}